{"id":6,"date":"2022-03-01T23:39:42","date_gmt":"2022-03-01T23:39:42","guid":{"rendered":"https:\/\/aniec.com.mx\/?page_id=6"},"modified":"2022-04-04T19:31:08","modified_gmt":"2022-04-04T19:31:08","slug":"inicio","status":"publish","type":"page","link":"https:\/\/aniec.com.mx\/","title":{"rendered":"INICIO"},"content":{"rendered":"<p>[vc_row full_width=&#8221;stretch_row&#8221; css=&#8221;.vc_custom_1646866620026{margin-top: -50px !important;margin-bottom: 0px !important;padding-top: 0px !important;padding-bottom: 0px !important;}&#8221;][vc_column css=&#8221;.vc_custom_1640800908777{margin-top: 0px !important;padding-top: 0px !important;}&#8221;]\n\t\t\t<!-- START Inicio REVOLUTION SLIDER 6.5.16 --><p class=\"rs-p-wp-fix\"><\/p>\n\t\t\t<rs-module-wrap id=\"rev_slider_1_1_wrapper\" data-source=\"gallery\" style=\"visibility:hidden;background:transparent;padding:0;margin:0px auto;margin-top:0;margin-bottom:0;\">\n\t\t\t\t<rs-module id=\"rev_slider_1_1\" style=\"\" data-version=\"6.5.16\">\n\t\t\t\t\t<rs-slides>\n\t\t\t\t\t\t<rs-slide style=\"position: absolute;\" data-key=\"rs-1\" data-title=\"Slide\" data-in=\"o:0;\" data-out=\"a:false;\">\n\t\t\t\t\t\t\t<img src=\"\/\/aniec.com.mx\/wp-content\/plugins\/revslider\/public\/assets\/assets\/dummy.png\" alt=\"\" title=\"banner-aniec\" width=\"1920\" height=\"680\" class=\"rev-slidebg tp-rs-img rs-lazyload\" data-lazyload=\"\/\/aniec.com.mx\/wp-content\/uploads\/2022\/03\/banner-aniec.jpg\" data-no-retina>\n<!--\n\t\t\t\t\t\t\t--><rs-layer\n\t\t\t\t\t\t\t\tid=\"slider-1-slide-1-layer-0\" \n\t\t\t\t\t\t\t\tdata-type=\"text\"\n\t\t\t\t\t\t\t\tdata-rsp_ch=\"on\"\n\t\t\t\t\t\t\t\tdata-xy=\"x:l,l,l,c;xo:-65px,-65px,-65px,0;y:m;yo:0,0,0,-1px;\"\n\t\t\t\t\t\t\t\tdata-text=\"w:normal;s:39,39,39,39;l:52,52,52,47;a:left,left,left,center;\"\n\t\t\t\t\t\t\t\tdata-dim=\"w:971,971,971,375;\"\n\t\t\t\t\t\t\t\tdata-frame_999=\"o:0;st:w;\"\n\t\t\t\t\t\t\t\tstyle=\"z-index:5;font-family:'Roboto';\"\n\t\t\t\t\t\t\t> \n\t\t\t\t\t\t\t<\/rs-layer><!--\n-->\t\t\t\t\t\t<\/rs-slide>\n\t\t\t\t\t<\/rs-slides>\n\t\t\t\t<\/rs-module>\n\t\t\t\t<script>\n\t\t\t\t\tsetREVStartSize({c: 'rev_slider_1_1',rl:[1240,1240,1240,480],el:[500,500,500,720],gw:[1240,1240,1240,480],gh:[500,500,500,720],type:'standard',justify:'',layout:'fullwidth',mh:\"0\"});if (window.RS_MODULES!==undefined && window.RS_MODULES.modules!==undefined && window.RS_MODULES.modules[\"revslider11\"]!==undefined) {window.RS_MODULES.modules[\"revslider11\"].once = false;window.revapi1 = undefined;if (window.RS_MODULES.checkMinimal!==undefined) window.RS_MODULES.checkMinimal()}\n\t\t\t\t<\/script>\n\t\t\t<\/rs-module-wrap>\n\t\t\t<!-- END REVOLUTION SLIDER -->\n[vc_empty_space height=&#8221;40px&#8221;][vc_row_inner][vc_column_inner][vc_single_image image=&#8221;457&#8243; img_size=&#8221;full&#8221; alignment=&#8221;center&#8221; onclick=&#8221;custom_link&#8221; img_link_target=&#8221;_blank&#8221; link=&#8221;https:\/\/bmeditores.mx\/entorno-pecuario\/aniec-estrechando-lazos-entre-productores-pecuarios\/&#8221;][\/vc_column_inner][\/vc_row_inner][\/vc_column][\/vc_row][vc_row full_width=&#8221;stretch_row&#8221; css=&#8221;.vc_custom_1646419755532{margin-top: 0px !important;padding-top: 0px !important;}&#8221;][vc_column][vc_empty_space height=&#8221;40px&#8221;][vc_column_text]<\/p>\n<p style=\"text-align: center; line-height: 35px;\"><span style=\"font-size: 40px; font-family: heimat; color: #000000;\">Asesor\u00eda de Importaci\u00f3n, Exportaci\u00f3n Sistemas de Calidad e Inocuidad en C\u00e1rnicos y Alimentos <\/span><\/p>\n<p>[\/vc_column_text][\/vc_column][\/vc_row][vc_row full_width=&#8221;stretch_row_content_no_spaces&#8221; css=&#8221;.vc_custom_1646419762541{margin-top: 0px !important;margin-bottom: 0px !important;padding-top: 0px !important;padding-bottom: 0px !important;}&#8221;][vc_column css=&#8221;.vc_custom_1642452219523{margin-top: 0px !important;margin-bottom: 0px !important;padding-top: 0px !important;padding-bottom: 0px !important;}&#8221;][vc_column_text css=&#8221;.vc_custom_1646180401504{padding-top: 0px !important;padding-bottom: 0px !important;background-color: #154999 !important;}&#8221;]<\/p>\n<h1 style=\"text-align: center;\"><span style=\"color: #ffffff; font-size: 40px; font-family: heimat;\">SERVICIOS<\/span><\/h1>\n<p>[\/vc_column_text][\/vc_column][\/vc_row][vc_row full_width=&#8221;stretch_row&#8221; css=&#8221;.vc_custom_1646419767805{margin-top: -18px !important;margin-bottom: 0px !important;padding-top: 0px !important;padding-bottom: 0px !important;}&#8221;][vc_column css=&#8221;.vc_custom_1642452219523{margin-top: 0px !important;margin-bottom: 0px !important;padding-top: 0px !important;padding-bottom: 0px !important;}&#8221;][vc_empty_space][vc_row_inner][vc_column_inner width=&#8221;1\/3&#8243;]\n<div id=\"interactive-banner-1-wrap-3101\" class=\"ult-banner-block ult-adjust-bottom-margin ult-bb-box  banner-style13 \"   style=\"\">\n\t<img src=\"https:\/\/aniec.com.mx\/wp-content\/uploads\/2022\/03\/FOTO-7.jpg\" alt=\"null\">\n\t<div class=\"mask opaque-background\" style=\"background:rgba(36,36,36,0.01);\">\n\t\t<div  data-ultimate-target='#interactive-banner-1-wrap-3101 .bb-description'  data-responsive-json-new='{\"font-size\":\"\",\"line-height\":\"\"}'  class=\"bb-description ult-responsive\" style=\"font-weight:normal;color:#ffffff;\"><\/div>\n\t<\/div><a class=\"bb-link\" href=\"https:\/\/aniec.com.mx\/index.php\/servicios\/\" title=\"SERVICIOS\" ><\/a>\n<\/div>[vc_column_text]<\/p>\n<p style=\"text-align: center;\"><span style=\"color: #000000;\"><strong>IMPLEMENTACION DE<\/strong><\/span><br \/>\n<span style=\"color: #000000;\"><strong>SISTEMAS DE INOCUIDAD<\/strong><\/span><\/p>\n<p>[\/vc_column_text][\/vc_column_inner][vc_column_inner width=&#8221;1\/3&#8243;]\n<div id=\"interactive-banner-1-wrap-4347\" class=\"ult-banner-block ult-adjust-bottom-margin ult-bb-box  banner-style13 \"   style=\"\">\n\t<img src=\"https:\/\/aniec.com.mx\/wp-content\/uploads\/2022\/03\/auditorias.jpg\" alt=\"null\">\n\t<div class=\"mask opaque-background\" style=\"background:rgba(36,36,36,0.01);\">\n\t\t<div  data-ultimate-target='#interactive-banner-1-wrap-4347 .bb-description'  data-responsive-json-new='{\"font-size\":\"\",\"line-height\":\"\"}'  class=\"bb-description ult-responsive\" style=\"font-weight:normal;color:#ffffff;\"><\/div>\n\t<\/div><a class=\"bb-link\" href=\"https:\/\/aniec.com.mx\/index.php\/servicios\/\" title=\"SERVICIOS\" ><\/a>\n<\/div>[vc_column_text]<\/p>\n<p style=\"text-align: center;\"><span style=\"color: #000000;\"><strong>AUDITORIAS DE SISTEMAS<\/strong><\/span><br \/>\n<span style=\"color: #000000;\"><strong>DE INOCUIDAD<\/strong><\/span><\/p>\n<p>[\/vc_column_text][\/vc_column_inner][vc_column_inner width=&#8221;1\/3&#8243; css=&#8221;.vc_custom_1643214221877{margin-bottom: 0px !important;padding-bottom: 0px !important;}&#8221;]\n<div id=\"interactive-banner-1-wrap-3253\" class=\"ult-banner-block ult-adjust-bottom-margin ult-bb-box  banner-style13 \"   style=\"\">\n\t<img src=\"https:\/\/aniec.com.mx\/wp-content\/uploads\/2022\/03\/DISENO-EST.-1-2.jpg\" alt=\"null\">\n\t<div class=\"mask opaque-background\" style=\"background:rgba(36,36,36,0.01);\">\n\t\t<div  data-ultimate-target='#interactive-banner-1-wrap-3253 .bb-description'  data-responsive-json-new='{\"font-size\":\"\",\"line-height\":\"\"}'  class=\"bb-description ult-responsive\" style=\"font-weight:normal;color:#ffffff;\"><\/div>\n\t<\/div><a class=\"bb-link\" href=\"https:\/\/aniec.com.mx\/index.php\/servicios\/\" title=\"SERVICIOS\" ><\/a>\n<\/div>[vc_column_text]<\/p>\n<p style=\"text-align: center;\"><span style=\"color: #000000;\"><strong>ASESOR\u00cdA EN DISE\u00d1O Y CONSTRUCCI\u00d3N ESTABLECIMIENTOS DE CARNES.<\/strong><\/span><\/p>\n<p>[\/vc_column_text][\/vc_column_inner][\/vc_row_inner][vc_row_inner][vc_column_inner width=&#8221;1\/3&#8243; css=&#8221;.vc_custom_1643214209355{margin-top: 0px !important;padding-top: 0px !important;}&#8221;]\n<div id=\"interactive-banner-1-wrap-7831\" class=\"ult-banner-block ult-adjust-bottom-margin ult-bb-box  banner-style13 \"   style=\"\">\n\t<img src=\"https:\/\/aniec.com.mx\/wp-content\/uploads\/2022\/03\/FOTO-3-min-1-scaled.jpg\" alt=\"null\">\n\t<div class=\"mask opaque-background\" style=\"background:rgba(36,36,36,0.01);\">\n\t\t<div  data-ultimate-target='#interactive-banner-1-wrap-7831 .bb-description'  data-responsive-json-new='{\"font-size\":\"\",\"line-height\":\"\"}'  class=\"bb-description ult-responsive\" style=\"font-weight:normal;color:#ffffff;\"><\/div>\n\t<\/div><a class=\"bb-link\" href=\"https:\/\/aniec.com.mx\/index.php\/servicios\/\" title=\"SERVICIOS\" ><\/a>\n<\/div>[vc_column_text]<\/p>\n<p style=\"text-align: center;\"><span style=\"color: #000000;\"><strong>TRAMITES ANTE INSTITUCIONES FEDERALES: SSA (COFEPRIS), SADER (SENASICA), SHCP Y S.E.<br \/>\n<\/strong><\/span><\/p>\n<p>[\/vc_column_text][\/vc_column_inner][vc_column_inner width=&#8221;1\/3&#8243; css=&#8221;.vc_custom_1643214200532{margin-top: 0px !important;padding-top: 0px !important;}&#8221;]\n<div id=\"interactive-banner-1-wrap-9711\" class=\"ult-banner-block ult-adjust-bottom-margin ult-bb-box  banner-style13 \"   style=\"\">\n\t<img src=\"https:\/\/aniec.com.mx\/wp-content\/uploads\/2022\/03\/imagen_2022-03-29_070357.png\" alt=\"null\">\n\t<div class=\"mask opaque-background\" style=\"background:rgba(36,36,36,0.01);\">\n\t\t<div  data-ultimate-target='#interactive-banner-1-wrap-9711 .bb-description'  data-responsive-json-new='{\"font-size\":\"\",\"line-height\":\"\"}'  class=\"bb-description ult-responsive\" style=\"font-weight:normal;color:#ffffff;\"><\/div>\n\t<\/div><a class=\"bb-link\" href=\"https:\/\/aniec.com.mx\/index.php\/servicios\/\" title=\"SERVICIOS\" ><\/a>\n<\/div>[vc_column_text]<\/p>\n<p style=\"text-align: center;\"><span style=\"color: #000000;\"><strong>AGENCIA ADUANAL<\/strong><\/span><\/p>\n<p>[\/vc_column_text][\/vc_column_inner][vc_column_inner width=&#8221;1\/3&#8243; css=&#8221;.vc_custom_1643214215801{margin-top: 0px !important;padding-top: 0px !important;}&#8221;]\n<div id=\"interactive-banner-1-wrap-6294\" class=\"ult-banner-block ult-adjust-bottom-margin ult-bb-box  banner-style13 \"   style=\"\">\n\t<img src=\"https:\/\/aniec.com.mx\/wp-content\/uploads\/2022\/03\/certificados-1.jpg\" alt=\"null\">\n\t<div class=\"mask opaque-background\" style=\"background:rgba(36,36,36,0.01);\">\n\t\t<div  data-ultimate-target='#interactive-banner-1-wrap-6294 .bb-description'  data-responsive-json-new='{\"font-size\":\"\",\"line-height\":\"\"}'  class=\"bb-description ult-responsive\" style=\"font-weight:normal;color:#ffffff;\"><\/div>\n\t<\/div><a class=\"bb-link\" href=\"https:\/\/aniec.com.mx\/index.php\/servicios\/\" title=\"SERVICIOS\" ><\/a>\n<\/div>[vc_column_text]<\/p>\n<p style=\"text-align: center;\"><span style=\"color: #000000;\"><strong>CERTIFICACIONES (ISO, HACCP, TIF)<\/strong><\/span><\/p>\n<p>[\/vc_column_text][\/vc_column_inner][\/vc_row_inner][\/vc_column][\/vc_row][vc_row full_width=&#8221;stretch_row_content_no_spaces&#8221; css=&#8221;.vc_custom_1646419780700{margin-top: 50px !important;margin-bottom: 0px !important;padding-top: 0px !important;padding-bottom: 0px !important;}&#8221;][vc_column css=&#8221;.vc_custom_1642452219523{margin-top: 0px !important;margin-bottom: 0px !important;padding-top: 0px !important;padding-bottom: 0px !important;}&#8221;][vc_column_text css=&#8221;.vc_custom_1646350577354{padding-top: 0px !important;padding-bottom: 0px !important;background-color: #1a479c !important;}&#8221;]<\/p>\n<h1 style=\"text-align: center;\"><span style=\"color: #ffffff; font-size: 40px; font-family: heimat;\">CONVENIOS<\/span><\/h1>\n<p>[\/vc_column_text][\/vc_column][\/vc_row][vc_row full_width=&#8221;stretch_row_content_no_spaces&#8221; gap=&#8221;35&#8243; equal_height=&#8221;yes&#8221; css=&#8221;.vc_custom_1646419786292{margin-top: 50px !important;padding-right: 80px !important;padding-left: 80px !important;}&#8221;][vc_column width=&#8221;1\/5&#8243; css=&#8221;.vc_custom_1646352794023{margin-top: 0px !important;padding-top: 0px !important;background-position: center !important;background-repeat: no-repeat !important;background-size: cover !important;}&#8221;][vc_single_image image=&#8221;100&#8243; img_size=&#8221;full&#8221; alignment=&#8221;center&#8221; css=&#8221;.vc_custom_1646352775142{margin-top: 0px !important;padding-top: 0px !important;}&#8221;][vc_column_text]<\/p>\n<p style=\"text-align: center;\"><span style=\"color: #000000;\"><strong style=\"font-size: 20px;\">Laboratorios<\/strong><\/span><\/p>\n<p>[\/vc_column_text][\/vc_column][vc_column width=&#8221;1\/5&#8243; css=&#8221;.vc_custom_1646352767824{margin-top: 0px !important;padding-top: 0px !important;background-position: center !important;background-repeat: no-repeat !important;background-size: cover !important;}&#8221;][vc_single_image image=&#8221;105&#8243; img_size=&#8221;full&#8221; alignment=&#8221;center&#8221;][vc_column_text]<\/p>\n<p style=\"text-align: center;\"><span style=\"color: #000000;\"><strong style=\"font-size: 20px;\">Universidades<\/strong><\/span><\/p>\n<p>[\/vc_column_text][\/vc_column][vc_column width=&#8221;1\/5&#8243;][vc_single_image image=&#8221;107&#8243; img_size=&#8221;full&#8221; alignment=&#8221;center&#8221;][vc_column_text]<\/p>\n<p style=\"text-align: center;\"><span style=\"color: #000000;\"><strong style=\"font-size: 20px;\">Aseguradoras<\/strong><\/span><\/p>\n<p>[\/vc_column_text][\/vc_column][vc_column width=&#8221;1\/5&#8243;][vc_single_image image=&#8221;112&#8243; img_size=&#8221;full&#8221; alignment=&#8221;center&#8221;][vc_column_text]<\/p>\n<p style=\"text-align: center;\"><span style=\"color: #000000;\"><strong style=\"font-size: 20px;\">L\u00edneas de Transporte, Terrestres y Mar\u00edtimos <\/strong><\/span><\/p>\n<p>[\/vc_column_text][\/vc_column][vc_column width=&#8221;1\/5&#8243;][vc_single_image image=&#8221;118&#8243; img_size=&#8221;full&#8221; alignment=&#8221;center&#8221;][vc_column_text]<\/p>\n<p style=\"text-align: center;\"><span style=\"color: #000000;\"><strong style=\"font-size: 20px;\">Compa\u00f1\u00edas Proveedoras de Equipos y Accesorios de Industria C\u00e1rnica<\/strong><\/span><\/p>\n<p>[\/vc_column_text][\/vc_column][\/vc_row][vc_row full_width=&#8221;stretch_row_content_no_spaces&#8221; css=&#8221;.vc_custom_1646419793515{margin-top: 50px !important;margin-bottom: 0px !important;padding-top: 0px !important;padding-bottom: 0px !important;}&#8221;][vc_column css=&#8221;.vc_custom_1642452219523{margin-top: 0px !important;margin-bottom: 0px !important;padding-top: 0px !important;padding-bottom: 0px !important;}&#8221;][vc_column_text css=&#8221;.vc_custom_1646353998556{padding-top: 0px !important;padding-bottom: 0px !important;background-color: #1a479c !important;}&#8221;]<\/p>\n<h1 style=\"text-align: center;\"><span style=\"color: #ffffff; font-size: 40px; font-family: heimat;\">CONTACTO<\/span><\/h1>\n<p>[\/vc_column_text][\/vc_column][\/vc_row][vc_row][vc_column][vc_empty_space][vc_column_text]<\/p>\n<p style=\"text-align: center;\"><span style=\"color: #000000; font-size: 25px; font-family: heimat;\"> ESCRIBE UN MENSAJE <\/span><\/p>\n<p style=\"text-align: center;\"><span style=\"color: #000000; font-size: 25px; font-family: heimat;\">PRONTO NOS PONDREMOS EN CONTACTO CON USTED<\/span><\/p>\n<p>[\/vc_column_text][vc_separator color=&#8221;custom&#8221; border_width=&#8221;3&#8243; el_width=&#8221;20&#8243; accent_color=&#8221;#154999&#8243;][vc_column_text]<\/p>\n<p style=\"text-align: center;\"><strong>Email:<\/strong> <a href=\"mailto:contacto@aniec.com.mx\">contacto@aniec.com.mx<\/a><\/p>\n<p style=\"text-align: center;\"><strong>Tel\u00e9fono:<\/strong> <a href=\"tel:5571606029\">5571606029<\/a><\/p>\n<p style=\"text-align: center;\"><strong>Direcci\u00f3n:<\/strong>\u00a0 Calle Jos\u00e9 Antonio Torres #753, Asturias, 06850 Ciudad de M\u00e9xico.<\/p>\n<p style=\"text-align: center;\"><strong>Horario<\/strong>: 9:00 am. a 6:00 pm.<\/p>\n<p>[\/vc_column_text][vc_empty_space]<div role=\"form\" class=\"wpcf7\" id=\"wpcf7-f125-o1\" lang=\"es-MX\" dir=\"ltr\">\n<div class=\"screen-reader-response\"><p role=\"status\" aria-live=\"polite\" aria-atomic=\"true\"><\/p> <ul><\/ul><\/div>\n<form action=\"\/index.php\/wp-json\/wp\/v2\/pages\/6#wpcf7-f125-o1\" method=\"post\" class=\"wpcf7-form init\" novalidate=\"novalidate\" data-status=\"init\">\n<div style=\"display: none;\">\n<input type=\"hidden\" name=\"_wpcf7\" value=\"125\" \/>\n<input type=\"hidden\" name=\"_wpcf7_version\" value=\"5.5.6\" \/>\n<input type=\"hidden\" name=\"_wpcf7_locale\" value=\"es_MX\" \/>\n<input type=\"hidden\" name=\"_wpcf7_unit_tag\" value=\"wpcf7-f125-o1\" \/>\n<input type=\"hidden\" name=\"_wpcf7_container_post\" value=\"0\" \/>\n<input type=\"hidden\" name=\"_wpcf7_posted_data_hash\" value=\"\" \/>\n<\/div>\n<p>[vc_row][vc_column width=\"1\/2\"]<div class=\"\"><span class=\"wpcf7-form-control-wrap text-128\"><input type=\"text\" name=\"text-128\" value=\"\" size=\"40\" class=\"wpcf7-form-control wpcf7-text wpcf7-validates-as-required\" aria-required=\"true\" aria-invalid=\"false\" placeholder=\"Nombre\" \/><\/span><\/div>[vc_empty_space height=\"15px\"]<div class=\"\"><span class=\"wpcf7-form-control-wrap tel-579\"><input type=\"tel\" name=\"tel-579\" value=\"\" size=\"40\" class=\"wpcf7-form-control wpcf7-text wpcf7-tel wpcf7-validates-as-tel\" aria-invalid=\"false\" placeholder=\"Tel\u00e9fono\" \/><\/span><\/div>[\/vc_column][vc_column width=\"1\/2\"]<div class=\"\"><span class=\"wpcf7-form-control-wrap email-39\"><input type=\"email\" name=\"email-39\" value=\"\" size=\"40\" class=\"wpcf7-form-control wpcf7-text wpcf7-email wpcf7-validates-as-required wpcf7-validates-as-email\" aria-required=\"true\" aria-invalid=\"false\" placeholder=\"Correo electr\u00f3nico\" \/><\/span><\/div>[vc_empty_space height=\"15px\"]<div class=\"\"><span class=\"wpcf7-form-control-wrap Asunto\"><input type=\"text\" name=\"Asunto\" value=\"\" size=\"40\" class=\"wpcf7-form-control wpcf7-text wpcf7-validates-as-required\" aria-required=\"true\" aria-invalid=\"false\" placeholder=\"Asunto\" \/><\/span><\/div>[\/vc_column][\/vc_row][vc_row][vc_column]<div class=\"\"><span class=\"wpcf7-form-control-wrap textarea-254\"><textarea name=\"textarea-254\" cols=\"40\" rows=\"10\" class=\"wpcf7-form-control wpcf7-textarea\" aria-invalid=\"false\" placeholder=\"Mensaje\"><\/textarea><\/span><\/div>[vc_empty_space][vc_row_inner][vc_column_inner width=\"1\/3\"][\/vc_column_inner][vc_column_inner width=\"1\/3\"]<div class=\"\"><input type=\"submit\" value=\"Enviar\" class=\"wpcf7-form-control wpcf7-submit\" \/><\/div>[\/vc_column_inner][vc_column_inner width=\"1\/3\"][\/vc_column_inner][\/vc_row_inner][\/vc_column][\/vc_row]<\/p>\n<div class=\"wpcf7-response-output\" aria-hidden=\"true\"><\/div><\/form><\/div><style><\/style>[vc_column_text]<iframe style=\"border: 0;\" src=\"https:\/\/www.google.com\/maps\/embed?pb=!1m18!1m12!1m3!1d3763.202125720452!2d-99.13723074976716!3d19.403670846569312!2m3!1f0!2f0!3f0!3m2!1i1024!2i768!4f13.1!3m3!1m2!1s0x85d1fee5fc54cf57%3A0xc2f39cdc71afce4!2sCalle%20Jos%C3%A9%20Antonio%20Torres%20753%2C%20Asturias%2C%20Cuauht%C3%A9moc%2C%2006850%20Ciudad%20de%20M%C3%A9xico%2C%20CDMX!5e0!3m2!1ses-419!2smx!4v1647292979463!5m2!1ses-419!2smx\" width=\"100%\" height=\"300\" allowfullscreen=\"allowfullscreen\"><\/iframe>[\/vc_column_text][vc_column_text]<\/p>\n<p style=\"text-align: center;\">Visitas: <span class='page-views'>12676<\/span><\/p>\n<div class=\"metabox-holder\">\n<div class=\"postbox\">\n<div class=\"inside\">\n<div class=\"main\"><\/div>\n<\/div>\n<\/div>\n<\/div>\n<form action=\"https:\/\/aniec.com.mx\/wp-admin\/admin.php?page=srs-simple-hits-counter-settings\" method=\"post\">\n<div class=\"metabox-holder\">\n<div class=\"postbox\">\n<div class=\"inside\">\n<div class=\"main\"><\/div>\n<\/div>\n<\/div>\n<\/div>\n<\/form>\n<p>[\/vc_column_text][\/vc_column][\/vc_row][vc_row][vc_column][vc_empty_space height=&#8221;45px&#8221;][\/vc_column][\/vc_row]<\/p>\n","protected":false},"excerpt":{"rendered":"<p>[vc_row full_width=&#8221;stretch_row&#8221; css=&#8221;.vc_custom_1646866620026{margin-top: -50px !important;margin-bottom: 0px !important;padding-top: 0px !important;padding-bottom: 0px !important;}&#8221;][vc_column css=&#8221;.vc_custom_1640800908777{margin-top: 0px !important;padding-top: 0px !important;}&#8221;][vc_empty_space height=&#8221;40px&#8221;][vc_row_inner][vc_column_inner][vc_single_image image=&#8221;457&#8243; img_size=&#8221;full&#8221; alignment=&#8221;center&#8221;&#8230;<\/p>\n","protected":false},"author":2,"featured_media":0,"parent":0,"menu_order":0,"comment_status":"closed","ping_status":"closed","template":"","meta":[],"_links":{"self":[{"href":"https:\/\/aniec.com.mx\/index.php\/wp-json\/wp\/v2\/pages\/6"}],"collection":[{"href":"https:\/\/aniec.com.mx\/index.php\/wp-json\/wp\/v2\/pages"}],"about":[{"href":"https:\/\/aniec.com.mx\/index.php\/wp-json\/wp\/v2\/types\/page"}],"author":[{"embeddable":true,"href":"https:\/\/aniec.com.mx\/index.php\/wp-json\/wp\/v2\/users\/2"}],"replies":[{"embeddable":true,"href":"https:\/\/aniec.com.mx\/index.php\/wp-json\/wp\/v2\/comments?post=6"}],"version-history":[{"count":110,"href":"https:\/\/aniec.com.mx\/index.php\/wp-json\/wp\/v2\/pages\/6\/revisions"}],"predecessor-version":[{"id":464,"href":"https:\/\/aniec.com.mx\/index.php\/wp-json\/wp\/v2\/pages\/6\/revisions\/464"}],"wp:attachment":[{"href":"https:\/\/aniec.com.mx\/index.php\/wp-json\/wp\/v2\/media?parent=6"}],"curies":[{"name":"wp","href":"https:\/\/api.w.org\/{rel}","templated":true}]}}