{"id":70,"date":"2022-03-03T22:50:16","date_gmt":"2022-03-03T22:50:16","guid":{"rendered":"https:\/\/aniec.com.mx\/?page_id=70"},"modified":"2022-03-22T12:44:10","modified_gmt":"2022-03-22T12:44:10","slug":"nosotros","status":"publish","type":"page","link":"https:\/\/aniec.com.mx\/index.php\/nosotros\/","title":{"rendered":"NOSOTROS"},"content":{"rendered":"<p>[vc_row full_width=&#8221;stretch_row&#8221; css=&#8221;.vc_custom_1646865098097{padding-top: 0px !important;}&#8221;][vc_column][vc_column_text]<\/p>\n<p style=\"text-align: center;\"><span style=\"color: #000000;\">En el 2004 surge la <span style=\"color: #19479b;\"><strong>Asociaci\u00f3n Nacional de Importadores y Exportadores de Carne A. C.<\/strong><\/span> a iniciativa de un grupo de empresarios:<\/span><\/p>\n<p style=\"text-align: center;\"><strong><span style=\"color: #000000;\">&#8211; JVP Forwarding L.L.C.<\/span><\/strong><\/p>\n<p style=\"text-align: center;\"><strong><span style=\"color: #000000;\">&#8211; Mex-Tex<\/span><\/strong><\/p>\n<p style=\"text-align: center;\"><strong><span style=\"color: #000000;\">&#8211; C\u00e1rnicos Quer\u00e9taro, S. A. de C.V.<\/span><\/strong><\/p>\n<p style=\"text-align: center;\"><strong><span style=\"color: #000000;\">&#8211; Mcallen Cold Storage<\/span><\/strong><\/p>\n<p style=\"text-align: center;\"><strong><span style=\"color: #000000;\">&#8211; Los tres pericos, S.A. de C.V.<\/span><\/strong><\/p>\n<p style=\"text-align: center;\"><span style=\"color: #000000;\"><span style=\"color: #19479b;\"><strong>Agrupaci\u00f3n empresarial<\/strong><\/span> con el fin de encontrar <span style=\"color: #19479b;\"><strong>soluciones para la actualizaci\u00f3n<\/strong><\/span> y desarrollo de la industria c\u00e1rnica.<\/span><\/p>\n<p style=\"text-align: center;\"><span style=\"color: #000000;\">Con el objetivo de incrementar los est\u00e1ndares de calidad e inocuidad para la satisfacci\u00f3n del consumidor final en beneficio de la propia industria.<\/span><\/p>\n<p style=\"text-align: center;\"><span style=\"color: #000000;\">La <span style=\"color: #19479b;\"><strong>asesor\u00eda brindada por ANIEC<\/strong><\/span> est\u00e1 dise\u00f1ada para acompa\u00f1ar a las empresas relacionadas con la elaboraci\u00f3n de alimentos y servicios de alimentaci\u00f3n en su proceso de crecimiento, de tal forma que cuenten con la seguridad de estar ofreciendo en todo momento un producto de excelente calidad e inocuidad.<\/span><\/p>\n<p style=\"text-align: center;\"><span style=\"color: #000000;\">Lo anterior lo realizamos a trav\u00e9s de <span style=\"color: #19479b;\"><strong>profesionales especializados<\/strong><\/span> con amplia experiencia y conocimiento.<\/span><\/p>\n<p>[\/vc_column_text][\/vc_column][\/vc_row][vc_row full_width=&#8221;stretch_row_content_no_spaces&#8221; equal_height=&#8221;yes&#8221; css=&#8221;.vc_custom_1646855338724{margin-top: 0px !important;margin-bottom: 0px !important;padding-top: 0px !important;padding-bottom: 0px !important;background-color: #f4f4f4 !important;}&#8221;][vc_column width=&#8221;1\/2&#8243; css=&#8221;.vc_custom_1646855110443{padding-top: 80px !important;padding-right: 80px !important;padding-bottom: 80px !important;padding-left: 80px !important;}&#8221;][vc_column_text]<\/p>\n<h1><span style=\"color: #000000;\"><strong>Misi\u00f3n<\/strong><\/span><\/h1>\n<p><span style=\"color: #000000;\">Ejecutar pol\u00edticas que promuevan el crecimiento de la cadena c\u00e1rnica.<\/span><\/p>\n<p><span style=\"color: #000000;\">Construir una Asociaci\u00f3n rentable, comprometida con nuestros agremiados, asesorando y contribuyendo al desarrollo productivo, econ\u00f3mico y ambiental en beneficio de la sociedad.<\/span><\/p>\n<p><span style=\"color: #000000;\">Fomentar un Entorno de negocios responsable y \u00e9tico, comprometido con la comunidad.<\/span>[\/vc_column_text][\/vc_column][vc_column width=&#8221;1\/2&#8243; css=&#8221;.vc_custom_1646852263348{background-image: url(https:\/\/aniec.com.mx\/wp-content\/uploads\/2022\/03\/mision.jpg?id=161) !important;}&#8221;][\/vc_column][\/vc_row][vc_row full_width=&#8221;stretch_row_content_no_spaces&#8221; equal_height=&#8221;yes&#8221; css=&#8221;.vc_custom_1646865105937{margin-top: 0px !important;padding-top: 0px !important;padding-bottom: 0px !important;background-color: #f5f5f5 !important;}&#8221;][vc_column width=&#8221;1\/2&#8243; css=&#8221;.vc_custom_1646852724699{background-image: url(https:\/\/aniec.com.mx\/wp-content\/uploads\/2022\/03\/vision1.jpg?id=166) !important;background-position: center !important;background-repeat: no-repeat !important;background-size: cover !important;}&#8221;][\/vc_column][vc_column width=&#8221;1\/2&#8243; css=&#8221;.vc_custom_1646855440185{padding-top: 100px !important;padding-right: 80px !important;padding-bottom: 100px !important;padding-left: 80px !important;}&#8221;][vc_column_text]<\/p>\n<h1><span style=\"color: #000000;\"><strong>Visi\u00f3n<\/strong><\/span><\/h1>\n<p>Ser una Asociaci\u00f3n de Excelencia Innovadora con crecimiento de valor sostenido, obteniendo el reconocimiento de la marca en el pa\u00eds y la de sus Socios, aumentando la presencia en los diferentes mercados nacionales e internacionales.[\/vc_column_text][\/vc_column][\/vc_row]<\/p>\n","protected":false},"excerpt":{"rendered":"<p>[vc_row full_width=&#8221;stretch_row&#8221; css=&#8221;.vc_custom_1646865098097{padding-top: 0px !important;}&#8221;][vc_column][vc_column_text] En el 2004 surge la Asociaci\u00f3n Nacional de Importadores y Exportadores de Carne A. C&#8230;.<\/p>\n","protected":false},"author":2,"featured_media":0,"parent":0,"menu_order":0,"comment_status":"closed","ping_status":"closed","template":"","meta":[],"_links":{"self":[{"href":"https:\/\/aniec.com.mx\/index.php\/wp-json\/wp\/v2\/pages\/70"}],"collection":[{"href":"https:\/\/aniec.com.mx\/index.php\/wp-json\/wp\/v2\/pages"}],"about":[{"href":"https:\/\/aniec.com.mx\/index.php\/wp-json\/wp\/v2\/types\/page"}],"author":[{"embeddable":true,"href":"https:\/\/aniec.com.mx\/index.php\/wp-json\/wp\/v2\/users\/2"}],"replies":[{"embeddable":true,"href":"https:\/\/aniec.com.mx\/index.php\/wp-json\/wp\/v2\/comments?post=70"}],"version-history":[{"count":31,"href":"https:\/\/aniec.com.mx\/index.php\/wp-json\/wp\/v2\/pages\/70\/revisions"}],"predecessor-version":[{"id":366,"href":"https:\/\/aniec.com.mx\/index.php\/wp-json\/wp\/v2\/pages\/70\/revisions\/366"}],"wp:attachment":[{"href":"https:\/\/aniec.com.mx\/index.php\/wp-json\/wp\/v2\/media?parent=70"}],"curies":[{"name":"wp","href":"https:\/\/api.w.org\/{rel}","templated":true}]}}