{"id":72,"date":"2022-03-03T22:51:13","date_gmt":"2022-03-03T22:51:13","guid":{"rendered":"https:\/\/aniec.com.mx\/?page_id=72"},"modified":"2022-03-23T18:52:16","modified_gmt":"2022-03-23T18:52:16","slug":"ligas-de-interes","status":"publish","type":"page","link":"https:\/\/aniec.com.mx\/index.php\/ligas-de-interes\/","title":{"rendered":"LIGAS DE INTER\u00c9S"},"content":{"rendered":"<p>[vc_row][vc_column width=&#8221;1\/4&#8243;][vc_single_image image=&#8221;252&#8243; img_size=&#8221;full&#8221; alignment=&#8221;center&#8221; onclick=&#8221;custom_link&#8221; img_link_target=&#8221;_blank&#8221; link=&#8221;http:\/\/www.sat.gob.mx\/aduanas\/Portal\/index.html&#8221;][vc_column_text]<\/p>\n<p style=\"text-align: center;\">Aduanas de M\u00e9xico<\/p>\n<p>[\/vc_column_text][\/vc_column][vc_column width=&#8221;1\/4&#8243;][vc_single_image image=&#8221;254&#8243; img_size=&#8221;full&#8221; alignment=&#8221;center&#8221; onclick=&#8221;custom_link&#8221; img_link_target=&#8221;_blank&#8221; link=&#8221;https:\/\/www.aladi.org\/sitioaladi\/&#8221;][vc_column_text]<\/p>\n<p style=\"text-align: center;\">Asociaci\u00f3n Latinoamericana de Integraci\u00f3n (ALADI)<\/p>\n<p>[\/vc_column_text][\/vc_column][vc_column width=&#8221;1\/4&#8243;][vc_single_image image=&#8221;256&#8243; img_size=&#8221;full&#8221; alignment=&#8221;center&#8221; onclick=&#8221;custom_link&#8221; img_link_target=&#8221;_blank&#8221; link=&#8221;https:\/\/www.gob.mx\/aserca&#8221;][vc_column_text]<\/p>\n<p style=\"text-align: center;\">Apoyos y Servicios a la Comercializaci\u00f3n Agropecuaria (ASERCA)<\/p>\n<p>[\/vc_column_text][\/vc_column][vc_column width=&#8221;1\/4&#8243;][vc_single_image image=&#8221;257&#8243; img_size=&#8221;full&#8221; alignment=&#8221;center&#8221; onclick=&#8221;custom_link&#8221; img_link_target=&#8221;_blank&#8221; link=&#8221;https:\/\/ameg.org.mx\/&#8221;][vc_column_text]<\/p>\n<p style=\"text-align: center;\">Asociaci\u00f3n Mexicana de Engordadores de Ganado Bovino, A.C. (AMEG)<\/p>\n<p>[\/vc_column_text][\/vc_column][\/vc_row][vc_row][vc_column][vc_empty_space height=&#8221;40px&#8221;][\/vc_column][\/vc_row][vc_row][vc_column width=&#8221;1\/4&#8243;][vc_single_image image=&#8221;385&#8243; img_size=&#8221;full&#8221; alignment=&#8221;center&#8221; onclick=&#8221;custom_link&#8221; img_link_target=&#8221;_blank&#8221; link=&#8221;https:\/\/www.claa.org.mx&#8221;][vc_column_text]<\/p>\n<p style=\"text-align: center;\">Confederaci\u00f3n latinoamericana de Agentes aduanales, A.C.<\/p>\n<p>[\/vc_column_text][\/vc_column][vc_column width=&#8221;1\/4&#8243;][vc_single_image image=&#8221;260&#8243; img_size=&#8221;full&#8221; alignment=&#8221;center&#8221; onclick=&#8221;custom_link&#8221; img_link_target=&#8221;_blank&#8221; link=&#8221;https:\/\/www.anetif.org\/&#8221;][vc_column_text]<\/p>\n<p style=\"text-align: center;\">Asociaci\u00f3n Nacional de Establecimientos TIF, A.C. (ANETIF)<\/p>\n<p>[\/vc_column_text][\/vc_column][vc_column width=&#8221;1\/4&#8243;][vc_single_image image=&#8221;261&#8243; img_size=&#8221;full&#8221; alignment=&#8221;center&#8221; onclick=&#8221;custom_link&#8221; img_link_target=&#8221;_blank&#8221; link=&#8221;https:\/\/antad.net\/&#8221;][vc_column_text]<\/p>\n<p style=\"text-align: center;\">Asociaci\u00f3n Nacional de Tiendas de Autoservicio y Departamentales, A.C. (ANTAD)<\/p>\n<p>[\/vc_column_text][\/vc_column][vc_column width=&#8221;1\/4&#8243;][vc_single_image image=&#8221;262&#8243; img_size=&#8221;full&#8221; alignment=&#8221;center&#8221; onclick=&#8221;custom_link&#8221; img_link_target=&#8221;_blank&#8221; link=&#8221;https:\/\/web.diputados.gob.mx\/inicio&#8221;][vc_column_text]<\/p>\n<p style=\"text-align: center;\">C\u00e1mara de Diputados<\/p>\n<p>[\/vc_column_text][\/vc_column][\/vc_row][vc_row][vc_column][vc_empty_space height=&#8221;40px&#8221;][\/vc_column][\/vc_row][vc_row][vc_column width=&#8221;1\/4&#8243;][vc_single_image image=&#8221;267&#8243; img_size=&#8221;full&#8221; alignment=&#8221;center&#8221; onclick=&#8221;custom_link&#8221; img_link_target=&#8221;_blank&#8221; link=&#8221;https:\/\/www.banxico.org.mx\/&#8221;][vc_column_text]<\/p>\n<p style=\"text-align: center;\">Banco de M\u00e9xico (BANXICO)<\/p>\n<p>[\/vc_column_text][\/vc_column][vc_column width=&#8221;1\/4&#8243;][vc_single_image image=&#8221;266&#8243; img_size=&#8221;full&#8221; alignment=&#8221;center&#8221; onclick=&#8221;custom_link&#8221; img_link_target=&#8221;_blank&#8221; link=&#8221;https:\/\/www.senado.gob.mx\/64\/&#8221;][vc_column_text]<\/p>\n<p style=\"text-align: center;\">C\u00e1mara de Senadores<\/p>\n<p>[\/vc_column_text][\/vc_column][vc_column width=&#8221;1\/4&#8243;][vc_single_image image=&#8221;265&#8243; img_size=&#8221;full&#8221; alignment=&#8221;center&#8221; onclick=&#8221;custom_link&#8221; img_link_target=&#8221;_blank&#8221; link=&#8221;https:\/\/www.bancomext.com\/&#8221;][vc_column_text]<\/p>\n<p style=\"text-align: center;\">Banco Nacional de Comercio Exterior, SNC. (BANCOMEXT)<\/p>\n<p>[\/vc_column_text][\/vc_column][vc_column width=&#8221;1\/4&#8243;][vc_single_image image=&#8221;264&#8243; img_size=&#8221;full&#8221; alignment=&#8221;center&#8221; onclick=&#8221;custom_link&#8221; img_link_target=&#8221;_blank&#8221; link=&#8221;https:\/\/canacintra.org.mx&#8221;][vc_column_text]<\/p>\n<p style=\"text-align: center;\">C\u00e1mara Nacional de la Industria de la Transformaci\u00f3n (CANACINTRA)<\/p>\n<p>[\/vc_column_text][\/vc_column][\/vc_row][vc_row][vc_column][vc_empty_space height=&#8221;40px&#8221;][\/vc_column][\/vc_row][vc_row][vc_column width=&#8221;1\/4&#8243;][vc_single_image image=&#8221;384&#8243; img_size=&#8221;full&#8221; alignment=&#8221;center&#8221; onclick=&#8221;custom_link&#8221; img_link_target=&#8221;_blank&#8221; link=&#8221;https:\/\/www.xoc.uam.mx&#8221;][vc_column_text]<\/p>\n<p style=\"text-align: center;\"><span style=\"color: #999999;\">Universidad Aut\u00f3noma Metropolitana Unidad Xochimilco<\/span><\/p>\n<p>[\/vc_column_text][\/vc_column][vc_column width=&#8221;1\/4&#8243;][vc_single_image image=&#8221;277&#8243; img_size=&#8221;full&#8221; alignment=&#8221;center&#8221; onclick=&#8221;custom_link&#8221; img_link_target=&#8221;_blank&#8221; link=&#8221;https:\/\/www.opormex.org&#8221;][vc_column_text]<\/p>\n<p style=\"text-align: center;\">Organizaci\u00f3n de Porcicultores Mexicanos<\/p>\n<p>[\/vc_column_text][\/vc_column][vc_column width=&#8221;1\/4&#8243;][vc_single_image image=&#8221;278&#8243; img_size=&#8221;full&#8221; alignment=&#8221;center&#8221; onclick=&#8221;custom_link&#8221; img_link_target=&#8221;_blank&#8221; link=&#8221;https:\/\/www.gob.mx\/conamer&#8221;][vc_column_text]<\/p>\n<p style=\"text-align: center;\">Comisi\u00f3n Nacional de Mejora Regulatoria (CONAMER)<\/p>\n<p>[\/vc_column_text][\/vc_column][vc_column width=&#8221;1\/4&#8243;][vc_single_image image=&#8221;279&#8243; img_size=&#8221;full&#8221; alignment=&#8221;center&#8221; onclick=&#8221;custom_link&#8221; img_link_target=&#8221;_blank&#8221; link=&#8221;http:\/\/www.cnog.org.mx&#8221;][vc_column_text]<\/p>\n<p style=\"text-align: center;\">Confederaci\u00f3n Nacional de Organizaciones Ganaderas (CNG)<\/p>\n<p>[\/vc_column_text][\/vc_column][\/vc_row][vc_row][vc_column][vc_empty_space height=&#8221;40px&#8221;][\/vc_column][\/vc_row][vc_row][vc_column width=&#8221;1\/4&#8243;][vc_single_image image=&#8221;281&#8243; img_size=&#8221;full&#8221; alignment=&#8221;center&#8221; onclick=&#8221;custom_link&#8221; img_link_target=&#8221;_blank&#8221; link=&#8221;https:\/\/www.concamin.org.mx&#8221;][vc_column_text]<\/p>\n<p style=\"text-align: center;\">Confederaci\u00f3n de C\u00e1maras Industriales de los Estados Unidos Mexicanos (CONCAMIN)<\/p>\n<p>[\/vc_column_text][\/vc_column][vc_column width=&#8221;1\/4&#8243;][vc_single_image image=&#8221;282&#8243; img_size=&#8221;full&#8221; alignment=&#8221;center&#8221; onclick=&#8221;custom_link&#8221; img_link_target=&#8221;_blank&#8221; link=&#8221;http:\/\/cna.org.mx&#8221;][vc_column_text]<\/p>\n<p style=\"text-align: center;\">Consejo Nacional Agropecuario (CNA)<\/p>\n<p>[\/vc_column_text][\/vc_column][vc_column width=&#8221;1\/4&#8243;][vc_single_image image=&#8221;283&#8243; img_size=&#8221;full&#8221; alignment=&#8221;center&#8221; onclick=&#8221;custom_link&#8221; img_link_target=&#8221;_blank&#8221; link=&#8221;https:\/\/www.usda.gov&#8221;][vc_column_text]<\/p>\n<p style=\"text-align: center;\">Departamento de Agricultura de Estados Unidos (USDA)<\/p>\n<p>[\/vc_column_text][\/vc_column][vc_column width=&#8221;1\/4&#8243;][vc_single_image image=&#8221;284&#8243; img_size=&#8221;full&#8221; alignment=&#8221;center&#8221; onclick=&#8221;custom_link&#8221; img_link_target=&#8221;_blank&#8221; link=&#8221;https:\/\/www.inegi.org.mx&#8221;][vc_column_text]<\/p>\n<p style=\"text-align: center;\">Instituto Nacional de Estad\u00edstica, Geograf\u00eda e Inform\u00e1tica (INEGI)<\/p>\n<p>[\/vc_column_text][\/vc_column][\/vc_row][vc_row][vc_column][vc_empty_space height=&#8221;40px&#8221;][\/vc_column][\/vc_row][vc_row][vc_column width=&#8221;1\/4&#8243;][vc_single_image image=&#8221;285&#8243; img_size=&#8221;full&#8221; alignment=&#8221;center&#8221; onclick=&#8221;custom_link&#8221; img_link_target=&#8221;_blank&#8221; link=&#8221;https:\/\/www.ers.usda.gov&#8221;][vc_column_text]<\/p>\n<p style=\"text-align: center;\">Economic Research Services (ERS)<\/p>\n<p>[\/vc_column_text][\/vc_column][vc_column width=&#8221;1\/4&#8243;][vc_single_image image=&#8221;286&#8243; img_size=&#8221;full&#8221; alignment=&#8221;center&#8221; onclick=&#8221;custom_link&#8221; img_link_target=&#8221;_blank&#8221; link=&#8221;https:\/\/www.meatinstitute.org&#8221;][vc_column_text]<\/p>\n<p style=\"text-align: center;\">North American Meat Institute<\/p>\n<p>[\/vc_column_text][\/vc_column][vc_column width=&#8221;1\/4&#8243;][vc_single_image image=&#8221;287&#8243; img_size=&#8221;full&#8221; alignment=&#8221;center&#8221; onclick=&#8221;custom_link&#8221; img_link_target=&#8221;_blank&#8221; link=&#8221;https:\/\/www.gob.mx\/presidencia&#8221;][vc_column_text]<\/p>\n<p style=\"text-align: center;\">Gobierno de M\u00e9xico<\/p>\n<p>[\/vc_column_text][\/vc_column][vc_column width=&#8221;1\/4&#8243;][vc_single_image image=&#8221;288&#8243; img_size=&#8221;full&#8221; alignment=&#8221;center&#8221; onclick=&#8221;custom_link&#8221; img_link_target=&#8221;_blank&#8221; link=&#8221;https:\/\/www.ocetif.org&#8221;][vc_column_text]<\/p>\n<p style=\"text-align: center;\">Organizaci\u00f3n de Certificaci\u00f3n de Establecimientos TIF, A.C. (OCETIF)<\/p>\n<p>[\/vc_column_text][\/vc_column][\/vc_row][vc_row][vc_column][vc_empty_space height=&#8221;40px&#8221;][\/vc_column][\/vc_row][vc_row][vc_column width=&#8221;1\/4&#8243;][vc_single_image image=&#8221;296&#8243; img_size=&#8221;full&#8221; alignment=&#8221;center&#8221; onclick=&#8221;custom_link&#8221; img_link_target=&#8221;_blank&#8221; link=&#8221;https:\/\/www.fao.org\/home\/en\/&#8221;][vc_column_text]<\/p>\n<p style=\"text-align: center;\">Organizaci\u00f3n de las Naciones Unidas para la Agricultura y la Alimentaci\u00f3n (FAO)<\/p>\n<p>[\/vc_column_text][\/vc_column][vc_column width=&#8221;1\/4&#8243;][vc_single_image image=&#8221;297&#8243; img_size=&#8221;full&#8221; alignment=&#8221;center&#8221; onclick=&#8221;custom_link&#8221; img_link_target=&#8221;_blank&#8221; link=&#8221;https:\/\/www.gob.mx\/agricultura&#8221;][vc_column_text]<\/p>\n<p style=\"text-align: center;\">Secretar\u00eda de Agricultura y Desarrollo Rural (SADER)<\/p>\n<p>[\/vc_column_text][\/vc_column][vc_column width=&#8221;1\/4&#8243;][vc_single_image image=&#8221;299&#8243; img_size=&#8221;full&#8221; alignment=&#8221;center&#8221; onclick=&#8221;custom_link&#8221; img_link_target=&#8221;_blank&#8221; link=&#8221;https:\/\/www.wto.org\/indexsp.htm&#8221;][vc_column_text]<\/p>\n<p style=\"text-align: center;\">Organizaci\u00f3n Mundial de Comercio (OMC)<\/p>\n<p>[\/vc_column_text][\/vc_column][vc_column width=&#8221;1\/4&#8243;][vc_single_image image=&#8221;300&#8243; img_size=&#8221;full&#8221; alignment=&#8221;center&#8221; onclick=&#8221;custom_link&#8221; img_link_target=&#8221;_blank&#8221; link=&#8221;https:\/\/www.gob.mx\/se&#8221;][vc_column_text]<\/p>\n<p style=\"text-align: center;\">Secretar\u00eda de Econom\u00eda (SE)<\/p>\n<p>[\/vc_column_text][\/vc_column][\/vc_row][vc_row][vc_column][vc_empty_space height=&#8221;40px&#8221;][\/vc_column][\/vc_row][vc_row][vc_column width=&#8221;1\/4&#8243;][vc_single_image image=&#8221;298&#8243; img_size=&#8221;full&#8221; alignment=&#8221;center&#8221; onclick=&#8221;custom_link&#8221; img_link_target=&#8221;_blank&#8221; link=&#8221;https:\/\/www.oecd.org&#8221;][vc_column_text]<\/p>\n<p style=\"text-align: center;\">Organization for Economic Co-operation and Development (OECD)<\/p>\n<p>[\/vc_column_text][\/vc_column][vc_column width=&#8221;1\/4&#8243;][vc_single_image image=&#8221;411&#8243; img_size=&#8221;full&#8221; alignment=&#8221;center&#8221; onclick=&#8221;custom_link&#8221; img_link_target=&#8221;_blank&#8221; link=&#8221;https:\/\/comecarne.org&#8221;][vc_column_text]<\/p>\n<p style=\"text-align: center;\">Consejo Mexicano de la Carne<\/p>\n<p>[\/vc_column_text][\/vc_column][vc_column width=&#8221;1\/4&#8243;][vc_single_image image=&#8221;412&#8243; img_size=&#8221;full&#8221; alignment=&#8221;center&#8221; onclick=&#8221;custom_link&#8221; img_link_target=&#8221;_blank&#8221; link=&#8221;https:\/\/www.anetif.org&#8221;][vc_column_text]<\/p>\n<p style=\"text-align: center;\">Asociaci\u00f3n Nacional de Establecimientos TIF, A.C.<\/p>\n<p>[\/vc_column_text][\/vc_column][vc_column width=&#8221;1\/4&#8243;][vc_single_image image=&#8221;303&#8243; img_size=&#8221;full&#8221; alignment=&#8221;center&#8221; onclick=&#8221;custom_link&#8221; img_link_target=&#8221;_blank&#8221; link=&#8221;https:\/\/www.gob.mx\/salud&#8221;][vc_column_text]<\/p>\n<p style=\"text-align: center;\">Secretar\u00eda de Econom\u00eda (SE)<\/p>\n<p>[\/vc_column_text][\/vc_column][\/vc_row][vc_row][vc_column][vc_empty_space height=&#8221;40px&#8221;][\/vc_column][\/vc_row][vc_row][vc_column width=&#8221;1\/4&#8243;][vc_single_image image=&#8221;305&#8243; img_size=&#8221;full&#8221; alignment=&#8221;center&#8221; onclick=&#8221;custom_link&#8221; img_link_target=&#8221;_blank&#8221; link=&#8221;https:\/\/www.gob.mx\/segob&#8221;][vc_column_text]<\/p>\n<p style=\"text-align: center;\">Secretar\u00eda de Gobernaci\u00f3n (SEGOB)<\/p>\n<p>[\/vc_column_text][\/vc_column][vc_column width=&#8221;1\/4&#8243;][vc_single_image image=&#8221;306&#8243; img_size=&#8221;full&#8221; alignment=&#8221;center&#8221; onclick=&#8221;custom_link&#8221; img_link_target=&#8221;_blank&#8221; link=&#8221;https:\/\/www.gob.mx\/segob&#8221;][vc_column_text]<\/p>\n<p style=\"text-align: center;\">Servicio de Administraci\u00f3n Tributaria (SAT)<\/p>\n<p>[\/vc_column_text][\/vc_column][vc_column width=&#8221;1\/4&#8243;][vc_single_image image=&#8221;307&#8243; img_size=&#8221;full&#8221; alignment=&#8221;center&#8221; onclick=&#8221;custom_link&#8221; img_link_target=&#8221;_blank&#8221; link=&#8221;https:\/\/www.gob.mx\/hacienda&#8221;][vc_column_text]<\/p>\n<p style=\"text-align: left;\">Secretar\u00eda de Hacienda y Cr\u00e9dito P\u00fablico (SHCP)<\/p>\n<p>[\/vc_column_text][\/vc_column][vc_column width=&#8221;1\/4&#8243;][vc_single_image image=&#8221;308&#8243; img_size=&#8221;full&#8221; alignment=&#8221;center&#8221; onclick=&#8221;custom_link&#8221; img_link_target=&#8221;_blank&#8221; link=&#8221;https:\/\/www.gob.mx\/siap&#8221;][vc_column_text]<\/p>\n<p style=\"text-align: center;\">Secretar\u00eda de Econom\u00eda (SE)<\/p>\n<p>[\/vc_column_text][\/vc_column][\/vc_row][vc_row][vc_column][vc_empty_space height=&#8221;40px&#8221;][\/vc_column][\/vc_row][vc_row][vc_column width=&#8221;1\/4&#8243;][vc_single_image image=&#8221;310&#8243; img_size=&#8221;full&#8221; alignment=&#8221;center&#8221; onclick=&#8221;custom_link&#8221; img_link_target=&#8221;_blank&#8221; link=&#8221;https:\/\/www.gob.mx\/senasica&#8221;][vc_column_text]<\/p>\n<p style=\"text-align: center;\">Servicio Nacional de Sanidad, Inocuidad y Calidad Agroalimentaria (SENASICA)<\/p>\n<p>[\/vc_column_text][\/vc_column][vc_column width=&#8221;1\/4&#8243;][vc_single_image image=&#8221;311&#8243; img_size=&#8221;full&#8221; alignment=&#8221;center&#8221; onclick=&#8221;custom_link&#8221; img_link_target=&#8221;_blank&#8221; link=&#8221;https:\/\/una.org.mx\/&#8221;][vc_column_text]<\/p>\n<p style=\"text-align: center;\">Uni\u00f3n Nacional de Avicultores (UNA)<\/p>\n<p>[\/vc_column_text][\/vc_column][vc_column width=&#8221;1\/4&#8243;][vc_single_image image=&#8221;313&#8243; img_size=&#8221;full&#8221; alignment=&#8221;center&#8221; onclick=&#8221;custom_link&#8221; img_link_target=&#8221;_blank&#8221; link=&#8221;http:\/\/www.economia-sniim.gob.mx\/nuevo\/&#8221;][vc_column_text]<\/p>\n<p style=\"text-align: center;\">Sistema Nacional de Informaci\u00f3n de Investigaci\u00f3n de Mercados (SNIIM)<\/p>\n<p>[\/vc_column_text][\/vc_column][vc_column width=&#8221;1\/4&#8243;][vc_single_image image=&#8221;382&#8243; img_size=&#8221;full&#8221; alignment=&#8221;center&#8221; onclick=&#8221;custom_link&#8221; img_link_target=&#8221;_blank&#8221; link=&#8221;https:\/\/www.usapeec.org.mx&#8221;][vc_column_text]<\/p>\n<p style=\"text-align: center;\">USAPEEC<\/p>\n<p>[\/vc_column_text][\/vc_column][\/vc_row][vc_row][vc_column][vc_empty_space height=&#8221;40px&#8221;][\/vc_column][\/vc_row][vc_row][vc_column width=&#8221;1\/4&#8243;][vc_single_image image=&#8221;316&#8243; img_size=&#8221;full&#8221; alignment=&#8221;center&#8221; onclick=&#8221;custom_link&#8221; img_link_target=&#8221;_blank&#8221; link=&#8221;http:\/\/www.worldbank.org&#8221;][vc_column_text]<\/p>\n<p style=\"text-align: center;\">The World Bank<\/p>\n<p>[\/vc_column_text][\/vc_column][vc_column width=&#8221;1\/4&#8243;][vc_single_image image=&#8221;317&#8243; img_size=&#8221;full&#8221; alignment=&#8221;center&#8221; onclick=&#8221;custom_link&#8221; img_link_target=&#8221;_blank&#8221; link=&#8221;https:\/\/www.unam.mx&#8221;][vc_column_text]<\/p>\n<p style=\"text-align: center;\">Universidad Nacional Aut\u00f3noma de M\u00e9xico (UNAM)<\/p>\n<p>[\/vc_column_text][\/vc_column][vc_column width=&#8221;1\/4&#8243;][vc_single_image image=&#8221;378&#8243; img_size=&#8221;full&#8221; alignment=&#8221;center&#8221; onclick=&#8221;custom_link&#8221; img_link_target=&#8221;_blank&#8221; link=&#8221;https:\/\/www.usmef.org.mx&#8221;][vc_column_text]<\/p>\n<p style=\"text-align: center;\">U.S. Meat Export Federation (USMEF)<\/p>\n<p>[\/vc_column_text][\/vc_column][vc_column width=&#8221;1\/4&#8243;][vc_single_image image=&#8221;377&#8243; img_size=&#8221;full&#8221; alignment=&#8221;center&#8221; onclick=&#8221;custom_link&#8221; img_link_target=&#8221;_blank&#8221; link=&#8221;https:\/\/www.chapingo.mx&#8221;][vc_column_text]<\/p>\n<p style=\"text-align: center;\">Universidad Aut\u00f3noma Chapingo<\/p>\n<p>[\/vc_column_text][\/vc_column][\/vc_row][vc_row][vc_column][vc_empty_space height=&#8221;40px&#8221;][\/vc_column][\/vc_row]<\/p>\n","protected":false},"excerpt":{"rendered":"<p>[vc_row][vc_column width=&#8221;1\/4&#8243;][vc_single_image image=&#8221;252&#8243; img_size=&#8221;full&#8221; alignment=&#8221;center&#8221; onclick=&#8221;custom_link&#8221; img_link_target=&#8221;_blank&#8221; link=&#8221;http:\/\/www.sat.gob.mx\/aduanas\/Portal\/index.html&#8221;][vc_column_text] Aduanas de M\u00e9xico [\/vc_column_text][\/vc_column][vc_column width=&#8221;1\/4&#8243;][vc_single_image image=&#8221;254&#8243; img_size=&#8221;full&#8221; alignment=&#8221;center&#8221; onclick=&#8221;custom_link&#8221; img_link_target=&#8221;_blank&#8221; link=&#8221;https:\/\/www.aladi.org\/sitioaladi\/&#8221;][vc_column_text] Asociaci\u00f3n&#8230;<\/p>\n","protected":false},"author":2,"featured_media":0,"parent":0,"menu_order":0,"comment_status":"closed","ping_status":"closed","template":"","meta":[],"_links":{"self":[{"href":"https:\/\/aniec.com.mx\/index.php\/wp-json\/wp\/v2\/pages\/72"}],"collection":[{"href":"https:\/\/aniec.com.mx\/index.php\/wp-json\/wp\/v2\/pages"}],"about":[{"href":"https:\/\/aniec.com.mx\/index.php\/wp-json\/wp\/v2\/types\/page"}],"author":[{"embeddable":true,"href":"https:\/\/aniec.com.mx\/index.php\/wp-json\/wp\/v2\/users\/2"}],"replies":[{"embeddable":true,"href":"https:\/\/aniec.com.mx\/index.php\/wp-json\/wp\/v2\/comments?post=72"}],"version-history":[{"count":34,"href":"https:\/\/aniec.com.mx\/index.php\/wp-json\/wp\/v2\/pages\/72\/revisions"}],"predecessor-version":[{"id":414,"href":"https:\/\/aniec.com.mx\/index.php\/wp-json\/wp\/v2\/pages\/72\/revisions\/414"}],"wp:attachment":[{"href":"https:\/\/aniec.com.mx\/index.php\/wp-json\/wp\/v2\/media?parent=72"}],"curies":[{"name":"wp","href":"https:\/\/api.w.org\/{rel}","templated":true}]}}